{"id":887,"date":"2014-06-03T18:47:55","date_gmt":"2014-06-03T16:47:55","guid":{"rendered":"http:\/\/www.veddigehusbilsuthyrning.se\/vhusbil\/?page_id=887"},"modified":"2014-07-22T11:15:48","modified_gmt":"2014-07-22T09:15:48","slug":"vad-tycker-vara-kunder","status":"publish","type":"page","link":"http:\/\/www.veddigehusbilsuthyrning.se\/vhusbil\/vad-tycker-vara-kunder\/","title":{"rendered":"Vad tycker v\u00e5ra kunder?"},"content":{"rendered":"<p>2 juni 2014<\/p>\n<table style=\"height: 48px;\" width=\"735\">\n<tbody>\n<tr>\n<th style=\"text-align: left;\">Vad var ditt helhetsintryck av Veddige Husbilsuthyrning?<\/th>\n<td>Ett h\u00e4rligt tillm\u00f6tesg\u00e5ende, bra husbilar och fantastisk service! Skulle absolut rekommendera Veddige Husbilsuthyrning till v\u00e4nner &amp; bekanta.<\/td>\n<\/tr>\n<\/tbody>\n<\/table>\n<p>&nbsp;<\/p>\n<p>9 juli 2014<\/p>\n<table style=\"height: 56px;\" width=\"734\">\n<tbody>\n<tr>\n<th style=\"text-align: left;\">Vad var ditt helhetsintryck av Veddige Husbilsuthyrning?<\/th>\n<td>Utm\u00e4rkt bem\u00f6tande och en riktigt praktisk och fr\u00e4sch husbil. Vi har haft en h\u00e4rlig vecka d\u00e4r vi styrt efter solkartan och kommer att hyra igen!<\/td>\n<\/tr>\n<\/tbody>\n<\/table>\n<p>&nbsp;<\/p>\n<p>22\u00a0juli 2014<\/p>\n<table style=\"height: 56px;\" width=\"485\">\n<tbody>\n<tr>\n<th style=\"text-align: left;\">Vad var ditt helhetsintryck av Veddige Husbilsuthyrning?<\/th>\n<td>Mycket bra! Bra husbil och med all utrustning som man kan beh\u00f6va.<\/td>\n<\/tr>\n<\/tbody>\n<\/table>\n<p>&nbsp;<\/p>\n","protected":false},"excerpt":{"rendered":"<p>2 juni 2014 Vad var ditt helhetsintryck av Veddige Husbilsuthyrning? Ett h\u00e4rligt tillm\u00f6tesg\u00e5ende, bra husbilar och fantastisk service! Skulle absolut rekommendera Veddige Husbilsuthyrning till v\u00e4nner &amp; bekanta. &nbsp; 9 juli 2014 Vad var ditt helhetsintryck av Veddige Husbilsuthyrning? Utm\u00e4rkt bem\u00f6tande och en riktigt praktisk och fr\u00e4sch husbil. Vi har haft en h\u00e4rlig vecka d\u00e4r vi [&hellip;]<\/p>\n","protected":false},"author":1,"featured_media":0,"parent":0,"menu_order":0,"comment_status":"closed","ping_status":"closed","template":"","meta":[],"yoast_head":"<!-- This site is optimized with the Yoast SEO plugin v18.1 - https:\/\/yoast.com\/wordpress\/plugins\/seo\/ -->\n<title>Vad tycker v\u00e5ra kunder? - Veddige Husbilsuthyrning AB<\/title>\n<meta name=\"robots\" content=\"index, follow, max-snippet:-1, max-image-preview:large, max-video-preview:-1\" \/>\n<link rel=\"canonical\" href=\"https:\/\/www.veddigehusbilsuthyrning.se\/vhusbil\/vad-tycker-vara-kunder\/\" \/>\n<meta property=\"og:locale\" content=\"sv_SE\" \/>\n<meta property=\"og:type\" content=\"article\" \/>\n<meta property=\"og:title\" content=\"Vad tycker v\u00e5ra kunder? - Veddige Husbilsuthyrning AB\" \/>\n<meta property=\"og:description\" content=\"2 juni 2014 Vad var ditt helhetsintryck av Veddige Husbilsuthyrning? Ett h\u00e4rligt tillm\u00f6tesg\u00e5ende, bra husbilar och fantastisk service! Skulle absolut rekommendera Veddige Husbilsuthyrning till v\u00e4nner &amp; bekanta. &nbsp; 9 juli 2014 Vad var ditt helhetsintryck av Veddige Husbilsuthyrning? Utm\u00e4rkt bem\u00f6tande och en riktigt praktisk och fr\u00e4sch husbil. Vi har haft en h\u00e4rlig vecka d\u00e4r vi [&hellip;]\" \/>\n<meta property=\"og:url\" content=\"https:\/\/www.veddigehusbilsuthyrning.se\/vhusbil\/vad-tycker-vara-kunder\/\" \/>\n<meta property=\"og:site_name\" content=\"Veddige Husbilsuthyrning AB\" \/>\n<meta property=\"article:modified_time\" content=\"2014-07-22T09:15:48+00:00\" \/>\n<script type=\"application\/ld+json\" class=\"yoast-schema-graph\">{\"@context\":\"https:\/\/schema.org\",\"@graph\":[{\"@type\":\"WebSite\",\"@id\":\"http:\/\/www.veddigehusbilsuthyrning.se\/vhusbil\/#website\",\"url\":\"http:\/\/www.veddigehusbilsuthyrning.se\/vhusbil\/\",\"name\":\"Veddige Husbilsuthyrning AB\",\"description\":\"G\u00f6r det m\u00f6jligt f\u00f6r alla\",\"potentialAction\":[{\"@type\":\"SearchAction\",\"target\":{\"@type\":\"EntryPoint\",\"urlTemplate\":\"http:\/\/www.veddigehusbilsuthyrning.se\/vhusbil\/?s={search_term_string}\"},\"query-input\":\"required name=search_term_string\"}],\"inLanguage\":\"sv-SE\"},{\"@type\":\"WebPage\",\"@id\":\"https:\/\/www.veddigehusbilsuthyrning.se\/vhusbil\/vad-tycker-vara-kunder\/#webpage\",\"url\":\"https:\/\/www.veddigehusbilsuthyrning.se\/vhusbil\/vad-tycker-vara-kunder\/\",\"name\":\"Vad tycker v\u00e5ra kunder? - Veddige Husbilsuthyrning AB\",\"isPartOf\":{\"@id\":\"http:\/\/www.veddigehusbilsuthyrning.se\/vhusbil\/#website\"},\"datePublished\":\"2014-06-03T16:47:55+00:00\",\"dateModified\":\"2014-07-22T09:15:48+00:00\",\"breadcrumb\":{\"@id\":\"https:\/\/www.veddigehusbilsuthyrning.se\/vhusbil\/vad-tycker-vara-kunder\/#breadcrumb\"},\"inLanguage\":\"sv-SE\",\"potentialAction\":[{\"@type\":\"ReadAction\",\"target\":[\"https:\/\/www.veddigehusbilsuthyrning.se\/vhusbil\/vad-tycker-vara-kunder\/\"]}]},{\"@type\":\"BreadcrumbList\",\"@id\":\"https:\/\/www.veddigehusbilsuthyrning.se\/vhusbil\/vad-tycker-vara-kunder\/#breadcrumb\",\"itemListElement\":[{\"@type\":\"ListItem\",\"position\":1,\"name\":\"Hem\",\"item\":\"http:\/\/www.veddigehusbilsuthyrning.se\/vhusbil\/\"},{\"@type\":\"ListItem\",\"position\":2,\"name\":\"Vad tycker v\u00e5ra kunder?\"}]}]}<\/script>\n<!-- \/ Yoast SEO plugin. -->","yoast_head_json":{"title":"Vad tycker v\u00e5ra kunder? - Veddige Husbilsuthyrning AB","robots":{"index":"index","follow":"follow","max-snippet":"max-snippet:-1","max-image-preview":"max-image-preview:large","max-video-preview":"max-video-preview:-1"},"canonical":"https:\/\/www.veddigehusbilsuthyrning.se\/vhusbil\/vad-tycker-vara-kunder\/","og_locale":"sv_SE","og_type":"article","og_title":"Vad tycker v\u00e5ra kunder? - Veddige Husbilsuthyrning AB","og_description":"2 juni 2014 Vad var ditt helhetsintryck av Veddige Husbilsuthyrning? Ett h\u00e4rligt tillm\u00f6tesg\u00e5ende, bra husbilar och fantastisk service! Skulle absolut rekommendera Veddige Husbilsuthyrning till v\u00e4nner &amp; bekanta. &nbsp; 9 juli 2014 Vad var ditt helhetsintryck av Veddige Husbilsuthyrning? Utm\u00e4rkt bem\u00f6tande och en riktigt praktisk och fr\u00e4sch husbil. Vi har haft en h\u00e4rlig vecka d\u00e4r vi [&hellip;]","og_url":"https:\/\/www.veddigehusbilsuthyrning.se\/vhusbil\/vad-tycker-vara-kunder\/","og_site_name":"Veddige Husbilsuthyrning AB","article_modified_time":"2014-07-22T09:15:48+00:00","schema":{"@context":"https:\/\/schema.org","@graph":[{"@type":"WebSite","@id":"http:\/\/www.veddigehusbilsuthyrning.se\/vhusbil\/#website","url":"http:\/\/www.veddigehusbilsuthyrning.se\/vhusbil\/","name":"Veddige Husbilsuthyrning AB","description":"G\u00f6r det m\u00f6jligt f\u00f6r alla","potentialAction":[{"@type":"SearchAction","target":{"@type":"EntryPoint","urlTemplate":"http:\/\/www.veddigehusbilsuthyrning.se\/vhusbil\/?s={search_term_string}"},"query-input":"required name=search_term_string"}],"inLanguage":"sv-SE"},{"@type":"WebPage","@id":"https:\/\/www.veddigehusbilsuthyrning.se\/vhusbil\/vad-tycker-vara-kunder\/#webpage","url":"https:\/\/www.veddigehusbilsuthyrning.se\/vhusbil\/vad-tycker-vara-kunder\/","name":"Vad tycker v\u00e5ra kunder? - Veddige Husbilsuthyrning AB","isPartOf":{"@id":"http:\/\/www.veddigehusbilsuthyrning.se\/vhusbil\/#website"},"datePublished":"2014-06-03T16:47:55+00:00","dateModified":"2014-07-22T09:15:48+00:00","breadcrumb":{"@id":"https:\/\/www.veddigehusbilsuthyrning.se\/vhusbil\/vad-tycker-vara-kunder\/#breadcrumb"},"inLanguage":"sv-SE","potentialAction":[{"@type":"ReadAction","target":["https:\/\/www.veddigehusbilsuthyrning.se\/vhusbil\/vad-tycker-vara-kunder\/"]}]},{"@type":"BreadcrumbList","@id":"https:\/\/www.veddigehusbilsuthyrning.se\/vhusbil\/vad-tycker-vara-kunder\/#breadcrumb","itemListElement":[{"@type":"ListItem","position":1,"name":"Hem","item":"http:\/\/www.veddigehusbilsuthyrning.se\/vhusbil\/"},{"@type":"ListItem","position":2,"name":"Vad tycker v\u00e5ra kunder?"}]}]}},"_links":{"self":[{"href":"http:\/\/www.veddigehusbilsuthyrning.se\/vhusbil\/wp-json\/wp\/v2\/pages\/887"}],"collection":[{"href":"http:\/\/www.veddigehusbilsuthyrning.se\/vhusbil\/wp-json\/wp\/v2\/pages"}],"about":[{"href":"http:\/\/www.veddigehusbilsuthyrning.se\/vhusbil\/wp-json\/wp\/v2\/types\/page"}],"author":[{"embeddable":true,"href":"http:\/\/www.veddigehusbilsuthyrning.se\/vhusbil\/wp-json\/wp\/v2\/users\/1"}],"replies":[{"embeddable":true,"href":"http:\/\/www.veddigehusbilsuthyrning.se\/vhusbil\/wp-json\/wp\/v2\/comments?post=887"}],"version-history":[{"count":6,"href":"http:\/\/www.veddigehusbilsuthyrning.se\/vhusbil\/wp-json\/wp\/v2\/pages\/887\/revisions"}],"predecessor-version":[{"id":967,"href":"http:\/\/www.veddigehusbilsuthyrning.se\/vhusbil\/wp-json\/wp\/v2\/pages\/887\/revisions\/967"}],"wp:attachment":[{"href":"http:\/\/www.veddigehusbilsuthyrning.se\/vhusbil\/wp-json\/wp\/v2\/media?parent=887"}],"curies":[{"name":"wp","href":"https:\/\/api.w.org\/{rel}","templated":true}]}}