{"id":28,"date":"2013-11-01T22:11:52","date_gmt":"2013-11-01T21:11:52","guid":{"rendered":"http:\/\/ckhusbil.homeip.net\/?page_id=28"},"modified":"2019-11-22T11:51:40","modified_gmt":"2019-11-22T10:51:40","slug":"kontakt","status":"publish","type":"page","link":"http:\/\/www.veddigehusbilsuthyrning.se\/vhusbil\/kontakt\/","title":{"rendered":"Kontakt"},"content":{"rendered":"<h1 style=\"text-align: left;\"><a href=\"http:\/\/www.veddigehusbilsuthyrning.se\/vhusbil\/wp-content\/uploads\/2013\/11\/Logo_new1.jpg\"><img loading=\"lazy\" class=\"alignnone wp-image-756 size-full\" src=\"http:\/\/www.veddigehusbilsuthyrning.se\/vhusbil\/wp-content\/uploads\/2013\/11\/Logo_new1.jpg\" alt=\"Logo_new\" width=\"255\" height=\"85\" \/><\/a><\/h1>\n<p>Adress:<\/p>\n<p>Lerjans V\u00e4g 22<br \/>\n43276 Tv\u00e5\u00e5ker<br \/>\nTel: 0340-41112<br \/>\nMobil: 070-3695824<\/p>\n<p>e-post:\u00a0<a href=\"mailto:info@veddigehusbilsuthyrning.se?Subject=Hyra av husbil\" target=\"_top\" rel=\"noopener noreferrer\">info@veddigehusbilsuthyrning.se<\/a><\/p>\n<p style=\"text-align: left;\"><a href=\"https:\/\/kartor.eniro.se\/?c=57.042714,12.317562&amp;z=14&amp;q=%22lerjans%20v%C3%A4g%2022%22;207511258;geo\" target=\"_blank\" rel=\"noopener noreferrer\">H\u00e4r h\u00e4mtas husbilen<\/a><\/p>\n<p style=\"text-align: left;\"><span style=\"text-decoration: underline;\">Du kan \u00e4ven kontakta oss genom att fylla i nedanst\u00e5ende formul\u00e4r<\/span><\/p>\n<p style=\"text-align: left;\"><form method=\"post\" id=\"cntctfrm_contact_form\" class=\"cntctfrm_contact_form cntctfrm_one_column cntctfrm_ltr cntctfrm_width_default\" action=\"\/vhusbil\/wp-json\/wp\/v2\/pages\/28#cntctfrm_contact_form\" enctype=\"multipart\/form-data\"><div id=\"cntctfrm_first_column\" class=\"cntctfrm_column\"><div class=\"cntctfrm_field_wrap cntctfrm_field_name_wrap\"namecontact><div class=\"cntctfrm_label cntctfrm_label_name\">\n\t\t\t\t\t\t\t\t\t\t<label for=\"cntctfrm_contact_name\">Namn: <span class=\"required\">*<\/span><\/label><\/div><div class=\"cntctfrm_input cntctfrm_input_name\">\n\t\t\t\t\t\t\t\t\t\t<input namecontact class=\"text\" type=\"text\" size=\"40\" value=\"\" name=\"cntctfrm_contact_name\" id=\"cntctfrm_contact_name\" \/><\/div><\/div><div class=\"cntctfrm_field_wrap cntctfrm_field_email_wrap\"email><div class=\"cntctfrm_label cntctfrm_label_email\">\n\t\t\t\t\t\t\t\t\t\t<label for=\"cntctfrm_contact_email\">E-postadress: <span class=\"required\">*<\/span><\/label>\n\t\t\t\t\t\t\t\t\t<\/div><div class=\"cntctfrm_input cntctfrm_input_email\">\n\t\t\t\t\t\t\t\t\t\t<input email class=\"text\" type=\"text\" size=\"40\" value=\"\" name=\"cntctfrm_contact_email\" id=\"cntctfrm_contact_email\" \/><\/div><\/div><div class=\"cntctfrm_field_wrap cntctfrm_field_subject_wrap\"subject><div class=\"cntctfrm_label cntctfrm_label_subject\">\n\t\t\t\t\t\t\t\t\t\t<label for=\"cntctfrm_contact_subject\">\u00c4mne:<\/label>\n\t\t\t\t\t\t\t\t\t<\/div><div class=\"cntctfrm_input cntctfrm_input_subject\">\n\t\t\t\t\t\t\t\t\t<input subjectclass=\"text\" type=\"text\" size=\"40\" value=\"\" name=\"cntctfrm_contact_subject\" id=\"cntctfrm_contact_subject\" \/><\/div><\/div><div class=\"cntctfrm_field_wrap cntctfrm_field_message_wrap\"message><div class=\"cntctfrm_label cntctfrm_label_message\">\n\t\t\t\t\t\t\t\t\t<label for=\"cntctfrm_contact_message\">Meddelande: <span class=\"required\">*<\/span><\/label>\n\t\t\t\t\t\t\t\t<\/div><div class=\"cntctfrm_input cntctfrm_input_message\">\n\t\t\t\t\t\t\t\t\t<textarea message rows=\"5\" cols=\"30\" name=\"cntctfrm_contact_message\" id=\"cntctfrm_contact_message\"><\/textarea><\/div><\/div><\/div><div class=\"clear\"><\/div><div class=\"cntctfrm_submit_wrap\"><div id=\"cntctfrm_submit_first_column\" class=\"cntctfrm_column\"><div class=\"cntctfrm_input cntctfrm_input_submit\"><input type=\"hidden\" value=\"send\" name=\"cntctfrm_contact_action\">\n\t\t\t\t\t\t\t<input type=\"hidden\" value=\"default\" name=\"cntctfrm_language\">\n\t\t\t\t\t\t\t<input type=\"hidden\" value=\"1\" name=\"cntctfrm_form_submited\">\n\t\t\t\t\t\t\t<input type=\"hidden\" value=\"cntctfrm_options\" name=\"cntctfrm_options_name\">\n\t\t\t\t\t\t\t<input type=\"submit\" value=\"Skicka\" class=\"cntctfrm_contact_submit\" \/>\n\t\t\t\t\t\t<\/div><\/div><div id=\"cntctfrm_submit_second_column\" class=\"cntctfrm_column\"><\/div><div class=\"clear\"><\/div>\n\t\t\t<\/div>\n\t\t\t<\/form><\/p>\n","protected":false},"excerpt":{"rendered":"<p>Adress: Lerjans V\u00e4g 22 43276 Tv\u00e5\u00e5ker Tel: 0340-41112 Mobil: 070-3695824 e-post:\u00a0info@veddigehusbilsuthyrning.se H\u00e4r h\u00e4mtas husbilen Du kan \u00e4ven kontakta oss genom att fylla i nedanst\u00e5ende formul\u00e4r<\/p>\n","protected":false},"author":1,"featured_media":0,"parent":0,"menu_order":0,"comment_status":"closed","ping_status":"closed","template":"","meta":[],"yoast_head":"<!-- This site is optimized with the Yoast SEO plugin v18.1 - https:\/\/yoast.com\/wordpress\/plugins\/seo\/ -->\n<title>Kontakt - Veddige Husbilsuthyrning AB<\/title>\n<meta name=\"robots\" content=\"index, follow, max-snippet:-1, max-image-preview:large, max-video-preview:-1\" \/>\n<link rel=\"canonical\" href=\"http:\/\/www.veddigehusbilsuthyrning.se\/vhusbil\/kontakt\/\" \/>\n<meta property=\"og:locale\" content=\"sv_SE\" \/>\n<meta property=\"og:type\" content=\"article\" \/>\n<meta property=\"og:title\" content=\"Kontakt - Veddige Husbilsuthyrning AB\" \/>\n<meta property=\"og:description\" content=\"Adress: Lerjans V\u00e4g 22 43276 Tv\u00e5\u00e5ker Tel: 0340-41112 Mobil: 070-3695824 e-post:\u00a0info@veddigehusbilsuthyrning.se H\u00e4r h\u00e4mtas husbilen Du kan \u00e4ven kontakta oss genom att fylla i nedanst\u00e5ende formul\u00e4r\" \/>\n<meta property=\"og:url\" content=\"http:\/\/www.veddigehusbilsuthyrning.se\/vhusbil\/kontakt\/\" \/>\n<meta property=\"og:site_name\" content=\"Veddige Husbilsuthyrning AB\" \/>\n<meta property=\"article:modified_time\" content=\"2019-11-22T10:51:40+00:00\" \/>\n<meta property=\"og:image\" content=\"http:\/\/www.veddigehusbilsuthyrning.se\/vhusbil\/wp-content\/uploads\/2013\/11\/Logo_new1.jpg\" \/>\n<script type=\"application\/ld+json\" class=\"yoast-schema-graph\">{\"@context\":\"https:\/\/schema.org\",\"@graph\":[{\"@type\":\"WebSite\",\"@id\":\"http:\/\/www.veddigehusbilsuthyrning.se\/vhusbil\/#website\",\"url\":\"http:\/\/www.veddigehusbilsuthyrning.se\/vhusbil\/\",\"name\":\"Veddige Husbilsuthyrning AB\",\"description\":\"G\u00f6r det m\u00f6jligt f\u00f6r alla\",\"potentialAction\":[{\"@type\":\"SearchAction\",\"target\":{\"@type\":\"EntryPoint\",\"urlTemplate\":\"http:\/\/www.veddigehusbilsuthyrning.se\/vhusbil\/?s={search_term_string}\"},\"query-input\":\"required name=search_term_string\"}],\"inLanguage\":\"sv-SE\"},{\"@type\":\"ImageObject\",\"@id\":\"http:\/\/www.veddigehusbilsuthyrning.se\/vhusbil\/kontakt\/#primaryimage\",\"inLanguage\":\"sv-SE\",\"url\":\"http:\/\/www.veddigehusbilsuthyrning.se\/vhusbil\/wp-content\/uploads\/2013\/11\/Logo_new1.jpg\",\"contentUrl\":\"http:\/\/www.veddigehusbilsuthyrning.se\/vhusbil\/wp-content\/uploads\/2013\/11\/Logo_new1.jpg\",\"width\":255,\"height\":85},{\"@type\":\"WebPage\",\"@id\":\"http:\/\/www.veddigehusbilsuthyrning.se\/vhusbil\/kontakt\/#webpage\",\"url\":\"http:\/\/www.veddigehusbilsuthyrning.se\/vhusbil\/kontakt\/\",\"name\":\"Kontakt - Veddige Husbilsuthyrning AB\",\"isPartOf\":{\"@id\":\"http:\/\/www.veddigehusbilsuthyrning.se\/vhusbil\/#website\"},\"primaryImageOfPage\":{\"@id\":\"http:\/\/www.veddigehusbilsuthyrning.se\/vhusbil\/kontakt\/#primaryimage\"},\"datePublished\":\"2013-11-01T21:11:52+00:00\",\"dateModified\":\"2019-11-22T10:51:40+00:00\",\"breadcrumb\":{\"@id\":\"http:\/\/www.veddigehusbilsuthyrning.se\/vhusbil\/kontakt\/#breadcrumb\"},\"inLanguage\":\"sv-SE\",\"potentialAction\":[{\"@type\":\"ReadAction\",\"target\":[\"http:\/\/www.veddigehusbilsuthyrning.se\/vhusbil\/kontakt\/\"]}]},{\"@type\":\"BreadcrumbList\",\"@id\":\"http:\/\/www.veddigehusbilsuthyrning.se\/vhusbil\/kontakt\/#breadcrumb\",\"itemListElement\":[{\"@type\":\"ListItem\",\"position\":1,\"name\":\"Hem\",\"item\":\"http:\/\/www.veddigehusbilsuthyrning.se\/vhusbil\/\"},{\"@type\":\"ListItem\",\"position\":2,\"name\":\"Kontakt\"}]}]}<\/script>\n<!-- \/ Yoast SEO plugin. -->","yoast_head_json":{"title":"Kontakt - Veddige Husbilsuthyrning AB","robots":{"index":"index","follow":"follow","max-snippet":"max-snippet:-1","max-image-preview":"max-image-preview:large","max-video-preview":"max-video-preview:-1"},"canonical":"http:\/\/www.veddigehusbilsuthyrning.se\/vhusbil\/kontakt\/","og_locale":"sv_SE","og_type":"article","og_title":"Kontakt - Veddige Husbilsuthyrning AB","og_description":"Adress: Lerjans V\u00e4g 22 43276 Tv\u00e5\u00e5ker Tel: 0340-41112 Mobil: 070-3695824 e-post:\u00a0info@veddigehusbilsuthyrning.se H\u00e4r h\u00e4mtas husbilen Du kan \u00e4ven kontakta oss genom att fylla i nedanst\u00e5ende formul\u00e4r","og_url":"http:\/\/www.veddigehusbilsuthyrning.se\/vhusbil\/kontakt\/","og_site_name":"Veddige Husbilsuthyrning AB","article_modified_time":"2019-11-22T10:51:40+00:00","og_image":[{"url":"http:\/\/www.veddigehusbilsuthyrning.se\/vhusbil\/wp-content\/uploads\/2013\/11\/Logo_new1.jpg"}],"schema":{"@context":"https:\/\/schema.org","@graph":[{"@type":"WebSite","@id":"http:\/\/www.veddigehusbilsuthyrning.se\/vhusbil\/#website","url":"http:\/\/www.veddigehusbilsuthyrning.se\/vhusbil\/","name":"Veddige Husbilsuthyrning AB","description":"G\u00f6r det m\u00f6jligt f\u00f6r alla","potentialAction":[{"@type":"SearchAction","target":{"@type":"EntryPoint","urlTemplate":"http:\/\/www.veddigehusbilsuthyrning.se\/vhusbil\/?s={search_term_string}"},"query-input":"required name=search_term_string"}],"inLanguage":"sv-SE"},{"@type":"ImageObject","@id":"http:\/\/www.veddigehusbilsuthyrning.se\/vhusbil\/kontakt\/#primaryimage","inLanguage":"sv-SE","url":"http:\/\/www.veddigehusbilsuthyrning.se\/vhusbil\/wp-content\/uploads\/2013\/11\/Logo_new1.jpg","contentUrl":"http:\/\/www.veddigehusbilsuthyrning.se\/vhusbil\/wp-content\/uploads\/2013\/11\/Logo_new1.jpg","width":255,"height":85},{"@type":"WebPage","@id":"http:\/\/www.veddigehusbilsuthyrning.se\/vhusbil\/kontakt\/#webpage","url":"http:\/\/www.veddigehusbilsuthyrning.se\/vhusbil\/kontakt\/","name":"Kontakt - Veddige Husbilsuthyrning AB","isPartOf":{"@id":"http:\/\/www.veddigehusbilsuthyrning.se\/vhusbil\/#website"},"primaryImageOfPage":{"@id":"http:\/\/www.veddigehusbilsuthyrning.se\/vhusbil\/kontakt\/#primaryimage"},"datePublished":"2013-11-01T21:11:52+00:00","dateModified":"2019-11-22T10:51:40+00:00","breadcrumb":{"@id":"http:\/\/www.veddigehusbilsuthyrning.se\/vhusbil\/kontakt\/#breadcrumb"},"inLanguage":"sv-SE","potentialAction":[{"@type":"ReadAction","target":["http:\/\/www.veddigehusbilsuthyrning.se\/vhusbil\/kontakt\/"]}]},{"@type":"BreadcrumbList","@id":"http:\/\/www.veddigehusbilsuthyrning.se\/vhusbil\/kontakt\/#breadcrumb","itemListElement":[{"@type":"ListItem","position":1,"name":"Hem","item":"http:\/\/www.veddigehusbilsuthyrning.se\/vhusbil\/"},{"@type":"ListItem","position":2,"name":"Kontakt"}]}]}},"_links":{"self":[{"href":"http:\/\/www.veddigehusbilsuthyrning.se\/vhusbil\/wp-json\/wp\/v2\/pages\/28"}],"collection":[{"href":"http:\/\/www.veddigehusbilsuthyrning.se\/vhusbil\/wp-json\/wp\/v2\/pages"}],"about":[{"href":"http:\/\/www.veddigehusbilsuthyrning.se\/vhusbil\/wp-json\/wp\/v2\/types\/page"}],"author":[{"embeddable":true,"href":"http:\/\/www.veddigehusbilsuthyrning.se\/vhusbil\/wp-json\/wp\/v2\/users\/1"}],"replies":[{"embeddable":true,"href":"http:\/\/www.veddigehusbilsuthyrning.se\/vhusbil\/wp-json\/wp\/v2\/comments?post=28"}],"version-history":[{"count":31,"href":"http:\/\/www.veddigehusbilsuthyrning.se\/vhusbil\/wp-json\/wp\/v2\/pages\/28\/revisions"}],"predecessor-version":[{"id":2303,"href":"http:\/\/www.veddigehusbilsuthyrning.se\/vhusbil\/wp-json\/wp\/v2\/pages\/28\/revisions\/2303"}],"wp:attachment":[{"href":"http:\/\/www.veddigehusbilsuthyrning.se\/vhusbil\/wp-json\/wp\/v2\/media?parent=28"}],"curies":[{"name":"wp","href":"https:\/\/api.w.org\/{rel}","templated":true}]}}