{"id":2221,"date":"2019-02-27T20:50:11","date_gmt":"2019-02-27T19:50:11","guid":{"rendered":"http:\/\/www.veddigehusbilsuthyrning.se\/vhusbil\/home-2-4\/"},"modified":"2019-02-27T20:50:27","modified_gmt":"2019-02-27T19:50:27","slug":"home-2-4","status":"publish","type":"page","link":"http:\/\/www.veddigehusbilsuthyrning.se\/vhusbil\/","title":{"rendered":"Home"},"content":{"rendered":"","protected":false},"excerpt":{"rendered":"","protected":false},"author":1,"featured_media":2197,"parent":0,"menu_order":2,"comment_status":"closed","ping_status":"closed","template":"","meta":[],"yoast_head":"<!-- This site is optimized with the Yoast SEO plugin v18.1 - https:\/\/yoast.com\/wordpress\/plugins\/seo\/ -->\n<title>Home - Veddige Husbilsuthyrning AB<\/title>\n<meta name=\"robots\" content=\"index, follow, max-snippet:-1, max-image-preview:large, max-video-preview:-1\" \/>\n<link rel=\"canonical\" href=\"http:\/\/www.veddigehusbilsuthyrning.se\/vhusbil\/\" \/>\n<meta property=\"og:locale\" content=\"sv_SE\" \/>\n<meta property=\"og:type\" content=\"article\" \/>\n<meta property=\"og:title\" content=\"Home - Veddige Husbilsuthyrning AB\" \/>\n<meta property=\"og:url\" content=\"http:\/\/www.veddigehusbilsuthyrning.se\/vhusbil\/\" \/>\n<meta property=\"og:site_name\" content=\"Veddige Husbilsuthyrning AB\" \/>\n<meta property=\"article:modified_time\" content=\"2019-02-27T19:50:27+00:00\" \/>\n<meta property=\"og:image\" content=\"http:\/\/www.veddigehusbilsuthyrning.se\/vhusbil\/wp-content\/uploads\/2019\/02\/article-image-1.jpg\" \/>\n\t<meta property=\"og:image:width\" content=\"2000\" \/>\n\t<meta property=\"og:image:height\" content=\"500\" \/>\n\t<meta property=\"og:image:type\" content=\"image\/jpeg\" \/>\n<script type=\"application\/ld+json\" class=\"yoast-schema-graph\">{\"@context\":\"https:\/\/schema.org\",\"@graph\":[{\"@type\":\"WebSite\",\"@id\":\"http:\/\/www.veddigehusbilsuthyrning.se\/vhusbil\/#website\",\"url\":\"http:\/\/www.veddigehusbilsuthyrning.se\/vhusbil\/\",\"name\":\"Veddige Husbilsuthyrning AB\",\"description\":\"G\u00f6r det m\u00f6jligt f\u00f6r alla\",\"potentialAction\":[{\"@type\":\"SearchAction\",\"target\":{\"@type\":\"EntryPoint\",\"urlTemplate\":\"http:\/\/www.veddigehusbilsuthyrning.se\/vhusbil\/?s={search_term_string}\"},\"query-input\":\"required name=search_term_string\"}],\"inLanguage\":\"sv-SE\"},{\"@type\":\"ImageObject\",\"@id\":\"http:\/\/www.veddigehusbilsuthyrning.se\/vhusbil\/#primaryimage\",\"inLanguage\":\"sv-SE\",\"url\":\"http:\/\/www.veddigehusbilsuthyrning.se\/vhusbil\/wp-content\/uploads\/2019\/02\/article-image-1.jpg\",\"contentUrl\":\"http:\/\/www.veddigehusbilsuthyrning.se\/vhusbil\/wp-content\/uploads\/2019\/02\/article-image-1.jpg\",\"width\":2000,\"height\":500},{\"@type\":\"WebPage\",\"@id\":\"http:\/\/www.veddigehusbilsuthyrning.se\/vhusbil\/#webpage\",\"url\":\"http:\/\/www.veddigehusbilsuthyrning.se\/vhusbil\/\",\"name\":\"Home - Veddige Husbilsuthyrning AB\",\"isPartOf\":{\"@id\":\"http:\/\/www.veddigehusbilsuthyrning.se\/vhusbil\/#website\"},\"primaryImageOfPage\":{\"@id\":\"http:\/\/www.veddigehusbilsuthyrning.se\/vhusbil\/#primaryimage\"},\"datePublished\":\"2019-02-27T19:50:11+00:00\",\"dateModified\":\"2019-02-27T19:50:27+00:00\",\"breadcrumb\":{\"@id\":\"http:\/\/www.veddigehusbilsuthyrning.se\/vhusbil\/#breadcrumb\"},\"inLanguage\":\"sv-SE\",\"potentialAction\":[{\"@type\":\"ReadAction\",\"target\":[\"http:\/\/www.veddigehusbilsuthyrning.se\/vhusbil\/\"]}]},{\"@type\":\"BreadcrumbList\",\"@id\":\"http:\/\/www.veddigehusbilsuthyrning.se\/vhusbil\/#breadcrumb\",\"itemListElement\":[{\"@type\":\"ListItem\",\"position\":1,\"name\":\"Hem\",\"item\":\"http:\/\/www.veddigehusbilsuthyrning.se\/vhusbil\/\"},{\"@type\":\"ListItem\",\"position\":2,\"name\":\"Home\"}]}]}<\/script>\n<!-- \/ Yoast SEO plugin. -->","yoast_head_json":{"title":"Home - Veddige Husbilsuthyrning AB","robots":{"index":"index","follow":"follow","max-snippet":"max-snippet:-1","max-image-preview":"max-image-preview:large","max-video-preview":"max-video-preview:-1"},"canonical":"http:\/\/www.veddigehusbilsuthyrning.se\/vhusbil\/","og_locale":"sv_SE","og_type":"article","og_title":"Home - Veddige Husbilsuthyrning AB","og_url":"http:\/\/www.veddigehusbilsuthyrning.se\/vhusbil\/","og_site_name":"Veddige Husbilsuthyrning AB","article_modified_time":"2019-02-27T19:50:27+00:00","og_image":[{"width":2000,"height":500,"url":"http:\/\/www.veddigehusbilsuthyrning.se\/vhusbil\/wp-content\/uploads\/2019\/02\/article-image-1.jpg","type":"image\/jpeg"}],"schema":{"@context":"https:\/\/schema.org","@graph":[{"@type":"WebSite","@id":"http:\/\/www.veddigehusbilsuthyrning.se\/vhusbil\/#website","url":"http:\/\/www.veddigehusbilsuthyrning.se\/vhusbil\/","name":"Veddige Husbilsuthyrning AB","description":"G\u00f6r det m\u00f6jligt f\u00f6r alla","potentialAction":[{"@type":"SearchAction","target":{"@type":"EntryPoint","urlTemplate":"http:\/\/www.veddigehusbilsuthyrning.se\/vhusbil\/?s={search_term_string}"},"query-input":"required name=search_term_string"}],"inLanguage":"sv-SE"},{"@type":"ImageObject","@id":"http:\/\/www.veddigehusbilsuthyrning.se\/vhusbil\/#primaryimage","inLanguage":"sv-SE","url":"http:\/\/www.veddigehusbilsuthyrning.se\/vhusbil\/wp-content\/uploads\/2019\/02\/article-image-1.jpg","contentUrl":"http:\/\/www.veddigehusbilsuthyrning.se\/vhusbil\/wp-content\/uploads\/2019\/02\/article-image-1.jpg","width":2000,"height":500},{"@type":"WebPage","@id":"http:\/\/www.veddigehusbilsuthyrning.se\/vhusbil\/#webpage","url":"http:\/\/www.veddigehusbilsuthyrning.se\/vhusbil\/","name":"Home - Veddige Husbilsuthyrning AB","isPartOf":{"@id":"http:\/\/www.veddigehusbilsuthyrning.se\/vhusbil\/#website"},"primaryImageOfPage":{"@id":"http:\/\/www.veddigehusbilsuthyrning.se\/vhusbil\/#primaryimage"},"datePublished":"2019-02-27T19:50:11+00:00","dateModified":"2019-02-27T19:50:27+00:00","breadcrumb":{"@id":"http:\/\/www.veddigehusbilsuthyrning.se\/vhusbil\/#breadcrumb"},"inLanguage":"sv-SE","potentialAction":[{"@type":"ReadAction","target":["http:\/\/www.veddigehusbilsuthyrning.se\/vhusbil\/"]}]},{"@type":"BreadcrumbList","@id":"http:\/\/www.veddigehusbilsuthyrning.se\/vhusbil\/#breadcrumb","itemListElement":[{"@type":"ListItem","position":1,"name":"Hem","item":"http:\/\/www.veddigehusbilsuthyrning.se\/vhusbil\/"},{"@type":"ListItem","position":2,"name":"Home"}]}]}},"_links":{"self":[{"href":"http:\/\/www.veddigehusbilsuthyrning.se\/vhusbil\/wp-json\/wp\/v2\/pages\/2221"}],"collection":[{"href":"http:\/\/www.veddigehusbilsuthyrning.se\/vhusbil\/wp-json\/wp\/v2\/pages"}],"about":[{"href":"http:\/\/www.veddigehusbilsuthyrning.se\/vhusbil\/wp-json\/wp\/v2\/types\/page"}],"author":[{"embeddable":true,"href":"http:\/\/www.veddigehusbilsuthyrning.se\/vhusbil\/wp-json\/wp\/v2\/users\/1"}],"replies":[{"embeddable":true,"href":"http:\/\/www.veddigehusbilsuthyrning.se\/vhusbil\/wp-json\/wp\/v2\/comments?post=2221"}],"version-history":[{"count":1,"href":"http:\/\/www.veddigehusbilsuthyrning.se\/vhusbil\/wp-json\/wp\/v2\/pages\/2221\/revisions"}],"predecessor-version":[{"id":2245,"href":"http:\/\/www.veddigehusbilsuthyrning.se\/vhusbil\/wp-json\/wp\/v2\/pages\/2221\/revisions\/2245"}],"wp:featuredmedia":[{"embeddable":true,"href":"http:\/\/www.veddigehusbilsuthyrning.se\/vhusbil\/wp-json\/wp\/v2\/media\/2197"}],"wp:attachment":[{"href":"http:\/\/www.veddigehusbilsuthyrning.se\/vhusbil\/wp-json\/wp\/v2\/media?parent=2221"}],"curies":[{"name":"wp","href":"https:\/\/api.w.org\/{rel}","templated":true}]}}