{"id":2115,"date":"2017-07-03T15:17:45","date_gmt":"2017-07-03T13:17:45","guid":{"rendered":"http:\/\/www.veddigehusbilsuthyrning.se\/vhusbil\/?page_id=2115"},"modified":"2018-04-17T19:11:02","modified_gmt":"2018-04-17T17:11:02","slug":"inventarier","status":"publish","type":"page","link":"http:\/\/www.veddigehusbilsuthyrning.se\/vhusbil\/inventarier\/","title":{"rendered":"Inventarier"},"content":{"rendered":"<h3><strong>Inventarier<\/strong><\/h3>\n<p class=\"alignnone\"><a href=\"http:\/\/www.veddigehusbilsuthyrning.se\/vhusbil\/documents\/2017\/06\/inventarielista-dynamic-95p.pdf\/\" target=\"_blank\" rel=\"noopener\"><img loading=\"lazy\" class=\"alignnone wp-image-237 size-full\" src=\"http:\/\/www.veddigehusbilsuthyrning.se\/vhusbil\/wp-content\/uploads\/2013\/12\/th.jpg\" alt=\"Dynamic 95P\" width=\"71\" height=\"73\" \/><\/a>\u00a0 \u00a0 \u00a0 \u00a0 \u00a0\u00a0<a style=\"line-height: 1.5;\" href=\"http:\/\/www.veddigehusbilsuthyrning.se\/vhusbil\/documents\/2017\/06\/inventarielista-family-103.pdf\/\" target=\"_blank\" rel=\"noopener\"><img loading=\"lazy\" class=\"alignnone wp-image-238 size-full\" src=\"http:\/\/www.veddigehusbilsuthyrning.se\/vhusbil\/wp-content\/uploads\/2013\/12\/th1.jpg\" alt=\"Family 103\" width=\"71\" height=\"73\" \/><\/a><\/p>\n<p><span style=\"color: #000000;\"><span style=\"color: #000000;\"><a href=\"http:\/\/www.veddigehusbilsuthyrning.se\/vhusbil\/documents\/2017\/06\/inventarielista-dynamic-95p.pdf\/\" target=\"_blank\" rel=\"noopener\">Dynamic 95P<\/a><\/span>\u00a0 \u00a0 \u00a0 <a href=\"http:\/\/www.veddigehusbilsuthyrning.se\/vhusbil\/documents\/2017\/06\/inventarielista-family-103.pdf\/\" target=\"_blank\" rel=\"noopener\">Family 103<\/a><\/span><\/p>\n<p>&nbsp;<\/p>\n","protected":false},"excerpt":{"rendered":"<p>Inventarier \u00a0 \u00a0 \u00a0 \u00a0 \u00a0\u00a0 Dynamic 95P\u00a0 \u00a0 \u00a0 Family 103 &nbsp;<\/p>\n","protected":false},"author":1,"featured_media":0,"parent":0,"menu_order":0,"comment_status":"closed","ping_status":"closed","template":"","meta":[],"yoast_head":"<!-- This site is optimized with the Yoast SEO plugin v18.1 - https:\/\/yoast.com\/wordpress\/plugins\/seo\/ -->\n<title>Inventarier - Veddige Husbilsuthyrning AB<\/title>\n<meta name=\"robots\" content=\"index, follow, max-snippet:-1, max-image-preview:large, max-video-preview:-1\" \/>\n<link rel=\"canonical\" href=\"https:\/\/www.veddigehusbilsuthyrning.se\/vhusbil\/inventarier\/\" \/>\n<meta property=\"og:locale\" content=\"sv_SE\" \/>\n<meta property=\"og:type\" content=\"article\" \/>\n<meta property=\"og:title\" content=\"Inventarier - Veddige Husbilsuthyrning AB\" \/>\n<meta property=\"og:description\" content=\"Inventarier \u00a0 \u00a0 \u00a0 \u00a0 \u00a0\u00a0 Dynamic 95P\u00a0 \u00a0 \u00a0 Family 103 &nbsp;\" \/>\n<meta property=\"og:url\" content=\"https:\/\/www.veddigehusbilsuthyrning.se\/vhusbil\/inventarier\/\" \/>\n<meta property=\"og:site_name\" content=\"Veddige Husbilsuthyrning AB\" \/>\n<meta property=\"article:modified_time\" content=\"2018-04-17T17:11:02+00:00\" \/>\n<meta property=\"og:image\" content=\"http:\/\/www.veddigehusbilsuthyrning.se\/vhusbil\/wp-content\/uploads\/2013\/12\/th.jpg\" \/>\n<script type=\"application\/ld+json\" class=\"yoast-schema-graph\">{\"@context\":\"https:\/\/schema.org\",\"@graph\":[{\"@type\":\"WebSite\",\"@id\":\"http:\/\/www.veddigehusbilsuthyrning.se\/vhusbil\/#website\",\"url\":\"http:\/\/www.veddigehusbilsuthyrning.se\/vhusbil\/\",\"name\":\"Veddige Husbilsuthyrning AB\",\"description\":\"G\u00f6r det m\u00f6jligt f\u00f6r alla\",\"potentialAction\":[{\"@type\":\"SearchAction\",\"target\":{\"@type\":\"EntryPoint\",\"urlTemplate\":\"http:\/\/www.veddigehusbilsuthyrning.se\/vhusbil\/?s={search_term_string}\"},\"query-input\":\"required name=search_term_string\"}],\"inLanguage\":\"sv-SE\"},{\"@type\":\"ImageObject\",\"@id\":\"https:\/\/www.veddigehusbilsuthyrning.se\/vhusbil\/inventarier\/#primaryimage\",\"inLanguage\":\"sv-SE\",\"url\":\"http:\/\/www.veddigehusbilsuthyrning.se\/vhusbil\/wp-content\/uploads\/2013\/12\/th.jpg\",\"contentUrl\":\"http:\/\/www.veddigehusbilsuthyrning.se\/vhusbil\/wp-content\/uploads\/2013\/12\/th.jpg\",\"width\":71,\"height\":73,\"caption\":\"Villkor\"},{\"@type\":\"WebPage\",\"@id\":\"https:\/\/www.veddigehusbilsuthyrning.se\/vhusbil\/inventarier\/#webpage\",\"url\":\"https:\/\/www.veddigehusbilsuthyrning.se\/vhusbil\/inventarier\/\",\"name\":\"Inventarier - Veddige Husbilsuthyrning AB\",\"isPartOf\":{\"@id\":\"http:\/\/www.veddigehusbilsuthyrning.se\/vhusbil\/#website\"},\"primaryImageOfPage\":{\"@id\":\"https:\/\/www.veddigehusbilsuthyrning.se\/vhusbil\/inventarier\/#primaryimage\"},\"datePublished\":\"2017-07-03T13:17:45+00:00\",\"dateModified\":\"2018-04-17T17:11:02+00:00\",\"breadcrumb\":{\"@id\":\"https:\/\/www.veddigehusbilsuthyrning.se\/vhusbil\/inventarier\/#breadcrumb\"},\"inLanguage\":\"sv-SE\",\"potentialAction\":[{\"@type\":\"ReadAction\",\"target\":[\"https:\/\/www.veddigehusbilsuthyrning.se\/vhusbil\/inventarier\/\"]}]},{\"@type\":\"BreadcrumbList\",\"@id\":\"https:\/\/www.veddigehusbilsuthyrning.se\/vhusbil\/inventarier\/#breadcrumb\",\"itemListElement\":[{\"@type\":\"ListItem\",\"position\":1,\"name\":\"Hem\",\"item\":\"http:\/\/www.veddigehusbilsuthyrning.se\/vhusbil\/\"},{\"@type\":\"ListItem\",\"position\":2,\"name\":\"Inventarier\"}]}]}<\/script>\n<!-- \/ Yoast SEO plugin. -->","yoast_head_json":{"title":"Inventarier - Veddige Husbilsuthyrning AB","robots":{"index":"index","follow":"follow","max-snippet":"max-snippet:-1","max-image-preview":"max-image-preview:large","max-video-preview":"max-video-preview:-1"},"canonical":"https:\/\/www.veddigehusbilsuthyrning.se\/vhusbil\/inventarier\/","og_locale":"sv_SE","og_type":"article","og_title":"Inventarier - Veddige Husbilsuthyrning AB","og_description":"Inventarier \u00a0 \u00a0 \u00a0 \u00a0 \u00a0\u00a0 Dynamic 95P\u00a0 \u00a0 \u00a0 Family 103 &nbsp;","og_url":"https:\/\/www.veddigehusbilsuthyrning.se\/vhusbil\/inventarier\/","og_site_name":"Veddige Husbilsuthyrning AB","article_modified_time":"2018-04-17T17:11:02+00:00","og_image":[{"url":"http:\/\/www.veddigehusbilsuthyrning.se\/vhusbil\/wp-content\/uploads\/2013\/12\/th.jpg"}],"schema":{"@context":"https:\/\/schema.org","@graph":[{"@type":"WebSite","@id":"http:\/\/www.veddigehusbilsuthyrning.se\/vhusbil\/#website","url":"http:\/\/www.veddigehusbilsuthyrning.se\/vhusbil\/","name":"Veddige Husbilsuthyrning AB","description":"G\u00f6r det m\u00f6jligt f\u00f6r alla","potentialAction":[{"@type":"SearchAction","target":{"@type":"EntryPoint","urlTemplate":"http:\/\/www.veddigehusbilsuthyrning.se\/vhusbil\/?s={search_term_string}"},"query-input":"required name=search_term_string"}],"inLanguage":"sv-SE"},{"@type":"ImageObject","@id":"https:\/\/www.veddigehusbilsuthyrning.se\/vhusbil\/inventarier\/#primaryimage","inLanguage":"sv-SE","url":"http:\/\/www.veddigehusbilsuthyrning.se\/vhusbil\/wp-content\/uploads\/2013\/12\/th.jpg","contentUrl":"http:\/\/www.veddigehusbilsuthyrning.se\/vhusbil\/wp-content\/uploads\/2013\/12\/th.jpg","width":71,"height":73,"caption":"Villkor"},{"@type":"WebPage","@id":"https:\/\/www.veddigehusbilsuthyrning.se\/vhusbil\/inventarier\/#webpage","url":"https:\/\/www.veddigehusbilsuthyrning.se\/vhusbil\/inventarier\/","name":"Inventarier - Veddige Husbilsuthyrning AB","isPartOf":{"@id":"http:\/\/www.veddigehusbilsuthyrning.se\/vhusbil\/#website"},"primaryImageOfPage":{"@id":"https:\/\/www.veddigehusbilsuthyrning.se\/vhusbil\/inventarier\/#primaryimage"},"datePublished":"2017-07-03T13:17:45+00:00","dateModified":"2018-04-17T17:11:02+00:00","breadcrumb":{"@id":"https:\/\/www.veddigehusbilsuthyrning.se\/vhusbil\/inventarier\/#breadcrumb"},"inLanguage":"sv-SE","potentialAction":[{"@type":"ReadAction","target":["https:\/\/www.veddigehusbilsuthyrning.se\/vhusbil\/inventarier\/"]}]},{"@type":"BreadcrumbList","@id":"https:\/\/www.veddigehusbilsuthyrning.se\/vhusbil\/inventarier\/#breadcrumb","itemListElement":[{"@type":"ListItem","position":1,"name":"Hem","item":"http:\/\/www.veddigehusbilsuthyrning.se\/vhusbil\/"},{"@type":"ListItem","position":2,"name":"Inventarier"}]}]}},"_links":{"self":[{"href":"http:\/\/www.veddigehusbilsuthyrning.se\/vhusbil\/wp-json\/wp\/v2\/pages\/2115"}],"collection":[{"href":"http:\/\/www.veddigehusbilsuthyrning.se\/vhusbil\/wp-json\/wp\/v2\/pages"}],"about":[{"href":"http:\/\/www.veddigehusbilsuthyrning.se\/vhusbil\/wp-json\/wp\/v2\/types\/page"}],"author":[{"embeddable":true,"href":"http:\/\/www.veddigehusbilsuthyrning.se\/vhusbil\/wp-json\/wp\/v2\/users\/1"}],"replies":[{"embeddable":true,"href":"http:\/\/www.veddigehusbilsuthyrning.se\/vhusbil\/wp-json\/wp\/v2\/comments?post=2115"}],"version-history":[{"count":6,"href":"http:\/\/www.veddigehusbilsuthyrning.se\/vhusbil\/wp-json\/wp\/v2\/pages\/2115\/revisions"}],"predecessor-version":[{"id":2182,"href":"http:\/\/www.veddigehusbilsuthyrning.se\/vhusbil\/wp-json\/wp\/v2\/pages\/2115\/revisions\/2182"}],"wp:attachment":[{"href":"http:\/\/www.veddigehusbilsuthyrning.se\/vhusbil\/wp-json\/wp\/v2\/media?parent=2115"}],"curies":[{"name":"wp","href":"https:\/\/api.w.org\/{rel}","templated":true}]}}